{"id":1793,"date":"2023-10-11T12:04:20","date_gmt":"2023-10-11T12:04:20","guid":{"rendered":"https:\/\/sdca.ch\/de\/?page_id=1793"},"modified":"2024-04-17T17:43:26","modified_gmt":"2024-04-17T17:43:26","slug":"impressum","status":"publish","type":"page","link":"https:\/\/sdca.ch\/de\/impressum\/","title":{"rendered":"Impressum"},"content":{"rendered":"\t\t<div data-elementor-type=\"wp-page\" data-elementor-id=\"1793\" class=\"elementor elementor-1793\" data-elementor-post-type=\"page\">\n\t\t\t\t\t\t<section class=\"elementor-section elementor-top-section elementor-element elementor-element-13ac33c4 elementor-section-boxed elementor-section-height-default elementor-section-height-default\" data-id=\"13ac33c4\" data-element_type=\"section\" data-e-type=\"section\" data-settings=\"{&quot;background_background&quot;:&quot;gradient&quot;}\">\n\t\t\t\t\t\t<div class=\"elementor-container elementor-column-gap-default\">\n\t\t\t\t\t<div class=\"elementor-column elementor-col-33 elementor-top-column elementor-element elementor-element-70734e45\" data-id=\"70734e45\" data-element_type=\"column\" data-e-type=\"column\">\n\t\t\t<div class=\"elementor-widget-wrap elementor-element-populated\">\n\t\t\t\t\t\t<div class=\"elementor-element elementor-element-e91d982 elementor-widget elementor-widget-text-editor\" data-id=\"e91d982\" data-element_type=\"widget\" data-e-type=\"widget\" data-widget_type=\"text-editor.default\">\n\t\t\t\t<div class=\"elementor-widget-container\">\n\t\t\t\t\t\t\t\t\t<h6>SDCA<\/h6>\t\t\t\t\t\t\t\t<\/div>\n\t\t\t\t<\/div>\n\t\t\t\t<div class=\"elementor-element elementor-element-5b2d63c7 elementor-widget elementor-widget-heading\" data-id=\"5b2d63c7\" data-element_type=\"widget\" data-e-type=\"widget\" data-widget_type=\"heading.default\">\n\t\t\t\t<div class=\"elementor-widget-container\">\n\t\t\t\t\t<h2 class=\"elementor-heading-title elementor-size-default\">Impressum<\/h2>\t\t\t\t<\/div>\n\t\t\t\t<\/div>\n\t\t\t\t\t<\/div>\n\t\t<\/div>\n\t\t\t\t<div class=\"elementor-column elementor-col-66 elementor-top-column elementor-element elementor-element-43632a2b\" data-id=\"43632a2b\" data-element_type=\"column\" data-e-type=\"column\">\n\t\t\t<div class=\"elementor-widget-wrap elementor-element-populated\">\n\t\t\t\t\t\t<div class=\"elementor-element elementor-element-3f41da0 elementor-widget elementor-widget-text-editor\" data-id=\"3f41da0\" data-element_type=\"widget\" data-e-type=\"widget\" data-widget_type=\"text-editor.default\">\n\t\t\t\t<div class=\"elementor-widget-container\">\n\t\t\t\t\t\t\t\t\t<h4 style=\"font-weight: 400;\">Verantwortlich f\u00fcr den Inhalt der Seiten<\/h4><p><strong>Swiss Data Center Association<\/strong><br \/>Secretariat<br \/>Rue de la Vernie 12<br \/>1023 Crissier<br \/>info@sdca.ch<br \/>www.sdca.ch<\/p><p><strong>Pr\u00e4sident:<\/strong> Sergio Milesi<\/p><h4 style=\"font-weight: 400;\">Verantwortlich f\u00fcr Design und Programmierung<\/h4><p><strong>Effecto GmbH<\/strong><br \/>Industriestrasse 171<br \/>8957 Spreitenbach<br \/>contact@effecto.ch<br \/>effecto.ch<\/p><h4>Copyright<\/h4><p>Das Copyright f\u00fcr s\u00e4mtliche Inhalte dieser Website liegt bei der SDCA<\/p><h4>Disclaimer<\/h4><p style=\"font-weight: 400;\">Alle Texte und Links wurden sorgf\u00e4ltig gepr\u00fcft und werden laufend aktualisiert. Wir sind bem\u00fcht, richtige und vollst\u00e4ndige Informationen auf dieser Website bereitzustellen, \u00fcbernehmen aber keinerlei Verantwortung, Garantien oder Haftung daf\u00fcr, dass die durch diese Website bereitgestellten Informationen, einschliesslich jeglicher Datenbankeintr\u00e4ge, richtig, vollst\u00e4ndig oder aktuell sind. Wir behalten uns das Recht vor, jederzeit und ohne Vorank\u00fcndigung die Informationen auf dieser Website zu \u00e4ndern und verpflichten uns auch nicht, die enthaltenen Informationen zu aktualisieren. Alle Links zu externen Anbietern wurden zum Zeitpunkt ihrer Aufnahme auf ihre Richtigkeit \u00fcberpr\u00fcft. Dennoch haften wir nicht f\u00fcr Inhalte und Verf\u00fcgbarkeit von Websites, die mittels Hyperlinks zu erreichen sind. F\u00fcr illegale, fehlerhafte oder unvollst\u00e4ndige Inhalte und insbesondere f\u00fcr Sch\u00e4den, die durch die ungepr\u00fcfte Nutzung von Inhalten verkn\u00fcpfter Seiten entstehen, haftet allein der Anbieter der Seite, auf welche verwiesen wurde. Dabei ist es gleichg\u00fcltig, ob der Schaden direkter, indirekter oder finanzieller Natur ist oder ein sonstiger Schaden vorliegt, der sich aus Datenverlust, Nutzungsausfall oder anderen Gr\u00fcnden aller Art ergeben k\u00f6nnte.<\/p>\t\t\t\t\t\t\t\t<\/div>\n\t\t\t\t<\/div>\n\t\t\t\t\t<\/div>\n\t\t<\/div>\n\t\t\t\t\t<\/div>\n\t\t<\/section>\n\t\t\t\t<\/div>\n\t\t","protected":false},"excerpt":{"rendered":"<p>SDCA Impressum Verantwortlich f\u00fcr den Inhalt der Seiten Swiss Data Center AssociationSecretariatRue de la Vernie 121023 Crissierinfo@sdca.chwww.sdca.ch Pr\u00e4sident: Sergio Milesi Verantwortlich f\u00fcr Design und Programmierung Effecto GmbHIndustriestrasse 1718957 Spreitenbachcontact@effecto.cheffecto.ch Copyright Das Copyright f\u00fcr s\u00e4mtliche Inhalte dieser Website liegt bei der SDCA Disclaimer Alle Texte und Links wurden sorgf\u00e4ltig gepr\u00fcft und werden laufend aktualisiert. Wir sind [&hellip;]<\/p>\n","protected":false},"author":1,"featured_media":0,"parent":0,"menu_order":0,"comment_status":"closed","ping_status":"closed","template":"","meta":{"footnotes":""},"class_list":["post-1793","page","type-page","status-publish","hentry"],"yoast_head":"<!-- This site is optimized with the Yoast SEO plugin v27.1.1 - https:\/\/yoast.com\/product\/yoast-seo-wordpress\/ -->\n<title>Impressum | SDCA | Swiss Data Center Association<\/title>\n<meta name=\"robots\" content=\"index, follow, max-snippet:-1, max-image-preview:large, max-video-preview:-1\" \/>\n<link rel=\"canonical\" href=\"https:\/\/sdca.ch\/de\/impressum\/\" \/>\n<meta property=\"og:locale\" content=\"de_DE\" \/>\n<meta property=\"og:type\" content=\"article\" \/>\n<meta property=\"og:title\" content=\"Impressum | SDCA | Swiss Data Center Association\" \/>\n<meta property=\"og:description\" content=\"SDCA Impressum Verantwortlich f\u00fcr den Inhalt der Seiten Swiss Data Center AssociationSecretariatRue de la Vernie 121023 Crissierinfo@sdca.chwww.sdca.ch Pr\u00e4sident: Sergio Milesi Verantwortlich f\u00fcr Design und Programmierung Effecto GmbHIndustriestrasse 1718957 Spreitenbachcontact@effecto.cheffecto.ch Copyright Das Copyright f\u00fcr s\u00e4mtliche Inhalte dieser Website liegt bei der SDCA Disclaimer Alle Texte und Links wurden sorgf\u00e4ltig gepr\u00fcft und werden laufend aktualisiert. Wir sind [&hellip;]\" \/>\n<meta property=\"og:url\" content=\"https:\/\/sdca.ch\/de\/impressum\/\" \/>\n<meta property=\"og:site_name\" content=\"SDCA | Swiss Data Center Association\" \/>\n<meta property=\"article:modified_time\" content=\"2024-04-17T17:43:26+00:00\" \/>\n<meta property=\"og:image\" content=\"https:\/\/sdca.ch\/de\/wp-content\/uploads\/2023\/11\/SDCA-img-evidenza.jpg\" \/>\n\t<meta property=\"og:image:width\" content=\"1200\" \/>\n\t<meta property=\"og:image:height\" content=\"750\" \/>\n\t<meta property=\"og:image:type\" content=\"image\/jpeg\" \/>\n<meta name=\"twitter:card\" content=\"summary_large_image\" \/>\n<meta name=\"twitter:label1\" content=\"Gesch\u00e4tzte Lesezeit\" \/>\n\t<meta name=\"twitter:data1\" content=\"2\u00a0Minuten\" \/>\n<script type=\"application\/ld+json\" class=\"yoast-schema-graph\">{\"@context\":\"https:\/\/schema.org\",\"@graph\":[{\"@type\":\"WebPage\",\"@id\":\"https:\/\/sdca.ch\/de\/impressum\/\",\"url\":\"https:\/\/sdca.ch\/de\/impressum\/\",\"name\":\"Impressum | SDCA | Swiss Data Center Association\",\"isPartOf\":{\"@id\":\"https:\/\/sdca.ch\/de\/#website\"},\"datePublished\":\"2023-10-11T12:04:20+00:00\",\"dateModified\":\"2024-04-17T17:43:26+00:00\",\"breadcrumb\":{\"@id\":\"https:\/\/sdca.ch\/de\/impressum\/#breadcrumb\"},\"inLanguage\":\"de\",\"potentialAction\":[{\"@type\":\"ReadAction\",\"target\":[\"https:\/\/sdca.ch\/de\/impressum\/\"]}]},{\"@type\":\"BreadcrumbList\",\"@id\":\"https:\/\/sdca.ch\/de\/impressum\/#breadcrumb\",\"itemListElement\":[{\"@type\":\"ListItem\",\"position\":1,\"name\":\"Startseite\",\"item\":\"https:\/\/sdca.ch\/de\/\"},{\"@type\":\"ListItem\",\"position\":2,\"name\":\"Impressum\"}]},{\"@type\":\"WebSite\",\"@id\":\"https:\/\/sdca.ch\/de\/#website\",\"url\":\"https:\/\/sdca.ch\/de\/\",\"name\":\"SDCA | Swiss Data Center Association\",\"description\":\"Official website\",\"publisher\":{\"@id\":\"https:\/\/sdca.ch\/de\/#organization\"},\"potentialAction\":[{\"@type\":\"SearchAction\",\"target\":{\"@type\":\"EntryPoint\",\"urlTemplate\":\"https:\/\/sdca.ch\/de\/?s={search_term_string}\"},\"query-input\":{\"@type\":\"PropertyValueSpecification\",\"valueRequired\":true,\"valueName\":\"search_term_string\"}}],\"inLanguage\":\"de\"},{\"@type\":\"Organization\",\"@id\":\"https:\/\/sdca.ch\/de\/#organization\",\"name\":\"SDCA | Swiss Data Center Association\",\"url\":\"https:\/\/sdca.ch\/de\/\",\"logo\":{\"@type\":\"ImageObject\",\"inLanguage\":\"de\",\"@id\":\"https:\/\/sdca.ch\/de\/#\/schema\/logo\/image\/\",\"url\":\"https:\/\/sdca.ch\/de\/wp-content\/uploads\/2023\/08\/SDCA-logo.png\",\"contentUrl\":\"https:\/\/sdca.ch\/de\/wp-content\/uploads\/2023\/08\/SDCA-logo.png\",\"width\":404,\"height\":127,\"caption\":\"SDCA | Swiss Data Center Association\"},\"image\":{\"@id\":\"https:\/\/sdca.ch\/de\/#\/schema\/logo\/image\/\"},\"sameAs\":[\"https:\/\/www.linkedin.com\/company\/vigiswiss\/\"]}]}<\/script>\n<!-- \/ Yoast SEO plugin. -->","yoast_head_json":{"title":"Impressum | SDCA | Swiss Data Center Association","robots":{"index":"index","follow":"follow","max-snippet":"max-snippet:-1","max-image-preview":"max-image-preview:large","max-video-preview":"max-video-preview:-1"},"canonical":"https:\/\/sdca.ch\/de\/impressum\/","og_locale":"de_DE","og_type":"article","og_title":"Impressum | SDCA | Swiss Data Center Association","og_description":"SDCA Impressum Verantwortlich f\u00fcr den Inhalt der Seiten Swiss Data Center AssociationSecretariatRue de la Vernie 121023 Crissierinfo@sdca.chwww.sdca.ch Pr\u00e4sident: Sergio Milesi Verantwortlich f\u00fcr Design und Programmierung Effecto GmbHIndustriestrasse 1718957 Spreitenbachcontact@effecto.cheffecto.ch Copyright Das Copyright f\u00fcr s\u00e4mtliche Inhalte dieser Website liegt bei der SDCA Disclaimer Alle Texte und Links wurden sorgf\u00e4ltig gepr\u00fcft und werden laufend aktualisiert. Wir sind [&hellip;]","og_url":"https:\/\/sdca.ch\/de\/impressum\/","og_site_name":"SDCA | Swiss Data Center Association","article_modified_time":"2024-04-17T17:43:26+00:00","og_image":[{"width":1200,"height":750,"url":"https:\/\/sdca.ch\/de\/wp-content\/uploads\/2023\/11\/SDCA-img-evidenza.jpg","type":"image\/jpeg"}],"twitter_card":"summary_large_image","twitter_misc":{"Gesch\u00e4tzte Lesezeit":"2\u00a0Minuten"},"schema":{"@context":"https:\/\/schema.org","@graph":[{"@type":"WebPage","@id":"https:\/\/sdca.ch\/de\/impressum\/","url":"https:\/\/sdca.ch\/de\/impressum\/","name":"Impressum | SDCA | Swiss Data Center Association","isPartOf":{"@id":"https:\/\/sdca.ch\/de\/#website"},"datePublished":"2023-10-11T12:04:20+00:00","dateModified":"2024-04-17T17:43:26+00:00","breadcrumb":{"@id":"https:\/\/sdca.ch\/de\/impressum\/#breadcrumb"},"inLanguage":"de","potentialAction":[{"@type":"ReadAction","target":["https:\/\/sdca.ch\/de\/impressum\/"]}]},{"@type":"BreadcrumbList","@id":"https:\/\/sdca.ch\/de\/impressum\/#breadcrumb","itemListElement":[{"@type":"ListItem","position":1,"name":"Startseite","item":"https:\/\/sdca.ch\/de\/"},{"@type":"ListItem","position":2,"name":"Impressum"}]},{"@type":"WebSite","@id":"https:\/\/sdca.ch\/de\/#website","url":"https:\/\/sdca.ch\/de\/","name":"SDCA | Swiss Data Center Association","description":"Official website","publisher":{"@id":"https:\/\/sdca.ch\/de\/#organization"},"potentialAction":[{"@type":"SearchAction","target":{"@type":"EntryPoint","urlTemplate":"https:\/\/sdca.ch\/de\/?s={search_term_string}"},"query-input":{"@type":"PropertyValueSpecification","valueRequired":true,"valueName":"search_term_string"}}],"inLanguage":"de"},{"@type":"Organization","@id":"https:\/\/sdca.ch\/de\/#organization","name":"SDCA | Swiss Data Center Association","url":"https:\/\/sdca.ch\/de\/","logo":{"@type":"ImageObject","inLanguage":"de","@id":"https:\/\/sdca.ch\/de\/#\/schema\/logo\/image\/","url":"https:\/\/sdca.ch\/de\/wp-content\/uploads\/2023\/08\/SDCA-logo.png","contentUrl":"https:\/\/sdca.ch\/de\/wp-content\/uploads\/2023\/08\/SDCA-logo.png","width":404,"height":127,"caption":"SDCA | Swiss Data Center Association"},"image":{"@id":"https:\/\/sdca.ch\/de\/#\/schema\/logo\/image\/"},"sameAs":["https:\/\/www.linkedin.com\/company\/vigiswiss\/"]}]}},"_links":{"self":[{"href":"https:\/\/sdca.ch\/de\/wp-json\/wp\/v2\/pages\/1793","targetHints":{"allow":["GET"]}}],"collection":[{"href":"https:\/\/sdca.ch\/de\/wp-json\/wp\/v2\/pages"}],"about":[{"href":"https:\/\/sdca.ch\/de\/wp-json\/wp\/v2\/types\/page"}],"author":[{"embeddable":true,"href":"https:\/\/sdca.ch\/de\/wp-json\/wp\/v2\/users\/1"}],"replies":[{"embeddable":true,"href":"https:\/\/sdca.ch\/de\/wp-json\/wp\/v2\/comments?post=1793"}],"version-history":[{"count":0,"href":"https:\/\/sdca.ch\/de\/wp-json\/wp\/v2\/pages\/1793\/revisions"}],"wp:attachment":[{"href":"https:\/\/sdca.ch\/de\/wp-json\/wp\/v2\/media?parent=1793"}],"curies":[{"name":"wp","href":"https:\/\/api.w.org\/{rel}","templated":true}]}}